{"id":6271,"date":"2022-02-09T08:18:53","date_gmt":"2022-02-09T07:18:53","guid":{"rendered":"http:\/\/localhost\/cfi\/?page_id=6271"},"modified":"2023-06-06T10:54:50","modified_gmt":"2023-06-06T08:54:50","slug":"postuler","status":"publish","type":"page","link":"https:\/\/www.cfi.ch\/en\/placement\/postuler\/","title":{"rendered":"Formulaire de postulation"},"content":{"rendered":"<div class=\"wp-block-stackable-columns alignfull stk-block-columns stk-block stk-8899a59 stk-block-background\" data-block-id=\"8899a59\"><style>.stk-8899a59{background-color:var(--stk-global-color-94408,#ffffff) !important}.stk-8899a59:before{background-color:var(--stk-global-color-94408,#ffffff) !important}<\/style><div class=\"stk-row stk-inner-blocks stk-block-content stk-content-align stk-8899a59-column\">\n<div class=\"wp-block-stackable-column stk-block-column stk-block-column--v2 stk-column stk-block stk-56c2bc3\" data-block-id=\"56c2bc3\"><style>.stk-56c2bc3{margin-top:60px !important;margin-bottom:60px !important}.stk-56c2bc3-inner-blocks{justify-content:center !important}.stk-56c2bc3-container{display:flex !important;flex-direction:column !important}<\/style><div class=\"stk-column-wrapper stk-block-column__content stk-container stk-56c2bc3-container stk--no-background stk--no-padding\"><div class=\"stk-block-content stk-inner-blocks stk-56c2bc3-inner-blocks\">\n<div class=\"wp-block-stackable-heading stk-block-heading stk-block-heading--v2 stk-block stk-a55d2f5\" id=\"vous-etes-interesse-e-br-par-ce-poste\" data-block-id=\"a55d2f5\"><style>.stk-a55d2f5{justify-content:center !important;display:flex !important;flex-direction:column !important}.stk-a55d2f5 .stk-block-heading__text{color:var(--stk-global-color-73759,#3a437e) !important}<\/style><h2 class=\"stk-block-heading__text has-text-color has-stk-global-color-24710-color has-text-align-left stk-block-heading--use-theme-margins\">Vous \u00eates int\u00e9ress\u00e9(e)<br>par ce poste?<\/h2><\/div>\n\n\n\n<div class=\"wp-block-stackable-heading stk-block-heading stk-block-heading--v2 stk-block stk-0f6dbe3\" id=\"contactez-nous\" data-block-id=\"0f6dbe3\"><style>.stk-0f6dbe3{justify-content:center !important;display:flex !important;flex-direction:column !important}.stk-0f6dbe3 .stk-block-heading__text{color:var(--stk-global-color-24710,#3ab0e2) !important}<\/style><h2 class=\"stk-block-heading__text has-text-color has-stk-global-color-24710-color has-text-align-left stk-block-heading--use-theme-margins\">Contactez-nous.<\/h2><\/div>\n\n\n\n<div class=\"wp-block-stackable-subtitle stk-block-subtitle stk-block stk-ebfd2f0\" data-block-id=\"ebfd2f0\"><style>.stk-ebfd2f0{max-width:60% !important}.stk-ebfd2f0 .stk-block-subtitle__text{color:var(--stk-global-color-69351,#878b92) !important}<\/style><p class=\"stk-block-subtitle__text stk-subtitle has-text-color has-stk-global-color-69351-color\">Fill out the form below and you will receive an answer as soon as possible.<\/p><\/div>\n\n\n\n<div class=\"wp-block-stackable-columns stk-block-columns stk-block stk-2c63522\" data-block-id=\"2c63522\"><style>.stk-2c63522-column{--stk-column-gap:60px !important}<\/style><div class=\"stk-row stk-inner-blocks stk-block-content stk-content-align stk-2c63522-column\">\n<div class=\"wp-block-stackable-column stk-block-column stk-block-column--v2 stk-column stk-block stk-36e2477\" data-block-id=\"36e2477\"><style>@media screen and (min-width:768px){.stk-36e2477{flex:1 1 calc(70% - var(--stk-column-gap,0px) * 1 \/ 2 ) !important}}<\/style><div class=\"stk-column-wrapper stk-block-column__content stk-container stk-36e2477-container stk--no-background stk--no-padding\"><div class=\"stk-block-content stk-inner-blocks stk-36e2477-inner-blocks\">\n<div class=\"forminator-guttenberg\"><form id=\"forminator-module-6275\" class=\"forminator-custom-form forminator-custom-form-6275\" method=\"post\" data-forminator-render=\"0\" data-uid=\"69e196cf58ad6\" action=\"\"><div role=\"alert\" aria-live=\"polite\" class=\"forminator-response-message forminator-error\" aria-hidden=\"true\"><\/div><input type=\"hidden\" name=\"trp-form-language\" value=\"en\"\/><\/form><\/div>\n<\/div><\/div><\/div>\n\n\n\n<div class=\"wp-block-stackable-column stk-block-column stk-block-column--v2 stk-column stk-block stk-744796d\" data-block-id=\"744796d\"><style>.stk-744796d{align-items:flex-start !important;display:flex !important}.stk-744796d-container{border-radius:15px !important;overflow:hidden !important;border-style:solid !important;border-color:#ececec !important;border-top-width:1px !important;border-right-width:1px !important;border-bottom-width:1px !important;border-left-width:1px !important;display:flex !important;flex-direction:column !important}.stk-744796d-inner-blocks{justify-content:flex-start !important}@media screen and (min-width:768px){.stk-744796d{flex:1 1 calc(30% - var(--stk-column-gap,0px) * 1 \/ 2 ) !important}}<\/style><div class=\"stk-column-wrapper stk-block-column__content stk-container stk-744796d-container stk-hover-parent\"><div class=\"stk-block-content stk-inner-blocks stk-744796d-inner-blocks\">\n<div class=\"wp-block-stackable-heading stk-block-heading stk-block-heading--v2 stk-block stk-b62fb50\" id=\"cfi-sa\" data-block-id=\"b62fb50\"><style>.stk-b62fb50{margin-bottom:6px !important}.stk-b62fb50 .stk-block-heading__text{color:var(--stk-global-color-10814,#333333) !important}<\/style><h4 class=\"stk-block-heading__text has-text-color has-stk-global-color-10814-color stk-block-heading--use-theme-margins\">CFI SA<\/h4><\/div>\n\n\n\n<div class=\"wp-block-stackable-text stk-block-text stk-block stk-44f67aa\" data-block-id=\"44f67aa\"><style>.stk-44f67aa .stk-block-text__text{font-size:16px !important;color:var(--stk-global-color-69351,#878b92) !important}@media screen and (max-width:1023px){.stk-44f67aa .stk-block-text__text{font-size:16px !important}}<\/style><p class=\"stk-block-text__text has-text-color has-stk-global-color-69351-color\">Rue du Concert 6<br>2000 Neuch\u00e2tel<br>&#x69;&#110;&#x66;&#111;&#64;&#x63;&#102;i&#x2e;&#99;&#x68;<br>+41 32 723 20 20<\/p><\/div>\n\n\n\n<div class=\"wp-block-stackable-heading stk-block-heading stk-block-heading--v2 stk-block stk-89b8c4b\" id=\"horaires-douverture\" data-block-id=\"89b8c4b\"><style>.stk-89b8c4b{margin-bottom:6px !important}.stk-89b8c4b .stk-block-heading__text{color:var(--stk-global-color-10814,#333333) !important}<\/style><h4 class=\"stk-block-heading__text has-text-color has-stk-global-color-10814-color stk-block-heading--use-theme-margins\">Opening times<\/h4><\/div>\n\n\n\n<div class=\"wp-block-stackable-text stk-block-text stk-block stk-64d3f3f\" data-block-id=\"64d3f3f\"><style>.stk-64d3f3f .stk-block-text__text{font-size:16px !important;color:var(--stk-global-color-69351,#878b92) !important}@media screen and (max-width:1023px){.stk-64d3f3f .stk-block-text__text{font-size:16px !important}}<\/style><p class=\"stk-block-text__text has-text-color has-stk-global-color-69351-color\">Open Monday to Friday<br>08:00 &#8211; 12:00 \/ 13:30 &#8211; 17:30<\/p><\/div>\n<\/div><\/div><\/div>\n<\/div><\/div>\n<\/div><\/div><\/div>\n<\/div><\/div>","protected":false},"excerpt":{"rendered":"<p>Vous \u00eates int\u00e9ress\u00e9(e)par ce poste? Contactez-nous. Compl\u00e9tez le formulaire ci-dessous, vous recevrez une r\u00e9ponse dans les meilleurs d\u00e9lais. CFI SA Rue du Concert 62000 Neuch\u00e2tel&#105;&#110;&#x66;o&#64;&#x63;&#x66;i&#46;&#x63;&#x68;+41 32 723 20 20 Horaires d&rsquo;ouverture Ouvert de lundi \u00e0 vendredi08:00 &#8211; 12:00 \/ 13:30 &#8211; 17:30<\/p>","protected":false},"author":1,"featured_media":6486,"parent":4572,"menu_order":0,"comment_status":"closed","ping_status":"closed","template":"","meta":{"_acf_changed":false,"footnotes":""},"class_list":["post-6271","page","type-page","status-publish","has-post-thumbnail","hentry"],"blocksy_meta":{"styles_descriptor":{"styles":{"desktop":"","tablet":"","mobile":""},"google_fonts":[],"version":5},"vertical_spacing_source":"inherit","content_area_spacing":"both","content_style_source":"inherit"},"acf":[],"_links":{"self":[{"href":"https:\/\/www.cfi.ch\/en\/wp-json\/wp\/v2\/pages\/6271","targetHints":{"allow":["GET"]}}],"collection":[{"href":"https:\/\/www.cfi.ch\/en\/wp-json\/wp\/v2\/pages"}],"about":[{"href":"https:\/\/www.cfi.ch\/en\/wp-json\/wp\/v2\/types\/page"}],"author":[{"embeddable":true,"href":"https:\/\/www.cfi.ch\/en\/wp-json\/wp\/v2\/users\/1"}],"replies":[{"embeddable":true,"href":"https:\/\/www.cfi.ch\/en\/wp-json\/wp\/v2\/comments?post=6271"}],"version-history":[{"count":1,"href":"https:\/\/www.cfi.ch\/en\/wp-json\/wp\/v2\/pages\/6271\/revisions"}],"predecessor-version":[{"id":9388,"href":"https:\/\/www.cfi.ch\/en\/wp-json\/wp\/v2\/pages\/6271\/revisions\/9388"}],"up":[{"embeddable":true,"href":"https:\/\/www.cfi.ch\/en\/wp-json\/wp\/v2\/pages\/4572"}],"wp:featuredmedia":[{"embeddable":true,"href":"https:\/\/www.cfi.ch\/en\/wp-json\/wp\/v2\/media\/6486"}],"wp:attachment":[{"href":"https:\/\/www.cfi.ch\/en\/wp-json\/wp\/v2\/media?parent=6271"}],"curies":[{"name":"wp","href":"https:\/\/api.w.org\/{rel}","templated":true}]}}